{"id":2,"date":"2020-03-29T15:50:39","date_gmt":"2020-03-29T13:50:39","guid":{"rendered":"https:\/\/davids-alchemielabor.de\/?page_id=2"},"modified":"2021-06-06T17:01:20","modified_gmt":"2021-06-06T15:01:20","slug":"herzlich-willkommen","status":"publish","type":"page","link":"https:\/\/davids-alchemielabor.de\/","title":{"rendered":"Herzlich Willkommen"},"content":{"rendered":"\n<p>in meinem spirituellen Alchemielabor. Diese Seite befindet sich im Aufbau, ich werde mich bem\u00fchen, sobald als m\u00f6glich weitere Beitr\u00e4ge zu erstellen.<\/p>\n\n\n\n<figure class=\"wp-block-image size-large\"><img loading=\"lazy\" decoding=\"async\" width=\"807\" height=\"564\" src=\"https:\/\/davids-alchemielabor.de\/wp-content\/uploads\/2021\/06\/blaue_blume.jpg\" alt=\"\" class=\"wp-image-239\" srcset=\"https:\/\/davids-alchemielabor.de\/wp-content\/uploads\/2021\/06\/blaue_blume.jpg 807w, https:\/\/davids-alchemielabor.de\/wp-content\/uploads\/2021\/06\/blaue_blume-300x210.jpg 300w, https:\/\/davids-alchemielabor.de\/wp-content\/uploads\/2021\/06\/blaue_blume-768x537.jpg 768w\" sizes=\"auto, (max-width: 807px) 100vw, 807px\" \/><\/figure>\n","protected":false},"excerpt":{"rendered":"<p>in meinem spirituellen Alchemielabor. Diese Seite befindet sich im Aufbau, ich werde mich bem\u00fchen, sobald als m\u00f6glich weitere Beitr\u00e4ge zu erstellen.<\/p>\n","protected":false},"author":1,"featured_media":0,"parent":0,"menu_order":0,"comment_status":"closed","ping_status":"closed","template":"","meta":{"footnotes":""},"class_list":["post-2","page","type-page","status-publish","hentry"],"_links":{"self":[{"href":"https:\/\/davids-alchemielabor.de\/index.php?rest_route=\/wp\/v2\/pages\/2","targetHints":{"allow":["GET"]}}],"collection":[{"href":"https:\/\/davids-alchemielabor.de\/index.php?rest_route=\/wp\/v2\/pages"}],"about":[{"href":"https:\/\/davids-alchemielabor.de\/index.php?rest_route=\/wp\/v2\/types\/page"}],"author":[{"embeddable":true,"href":"https:\/\/davids-alchemielabor.de\/index.php?rest_route=\/wp\/v2\/users\/1"}],"replies":[{"embeddable":true,"href":"https:\/\/davids-alchemielabor.de\/index.php?rest_route=%2Fwp%2Fv2%2Fcomments&post=2"}],"version-history":[{"count":10,"href":"https:\/\/davids-alchemielabor.de\/index.php?rest_route=\/wp\/v2\/pages\/2\/revisions"}],"predecessor-version":[{"id":240,"href":"https:\/\/davids-alchemielabor.de\/index.php?rest_route=\/wp\/v2\/pages\/2\/revisions\/240"}],"wp:attachment":[{"href":"https:\/\/davids-alchemielabor.de\/index.php?rest_route=%2Fwp%2Fv2%2Fmedia&parent=2"}],"curies":[{"name":"wp","href":"https:\/\/api.w.org\/{rel}","templated":true}]}}