{"id":64,"date":"2020-03-30T17:58:46","date_gmt":"2020-03-30T15:58:46","guid":{"rendered":"https:\/\/davids-alchemielabor.de\/?page_id=64"},"modified":"2022-01-02T17:12:13","modified_gmt":"2022-01-02T16:12:13","slug":"ueber-mich","status":"publish","type":"page","link":"https:\/\/davids-alchemielabor.de\/?page_id=64","title":{"rendered":"\u00dcber mich"},"content":{"rendered":"\n<p>Geboren 1980 in Freiburg verbrachte ich meine Kindheit und Jugend im beschaulichen S\u00fcdbaden an der Grenze zu Frankreich und der Schweiz. Meine Familie selber stammt aus Oberschlesien und ist von der dortigen katholischen Fr\u00f6mmigkeit gepr\u00e4gt. Im Alter von 17 Jahren erlebte ich mein spirituelles Erwachen und kam in Kontakt mit dem Buddhismus. Im Laufe der n\u00e4chsten Jahre besch\u00e4ftigte ich mich mit verschiedenen Formen des Buddhismus in Theorie und Praxis, haupts\u00e4chlich jedoch mit den Lehren des tibetischen Meisters Geshe Kelsang Gyatso. So lebte ich mehr als 2 Jahre in einem spirituellen Zentrum seiner Tradition und arbeitete dort ehrenamtlich in der Organisation mit.<\/p>\n\n\n\n<p>2005 verlie\u00df ich das Zentrum, um meine eigenen Wege zu gehen. Es folgte eine Auseinandersetzung mit den Lehren anderer Meister des tibetischen Buddhismus, vor allem mit Ch\u00f6gyam Trungpa. <\/p>\n\n\n\n<p>2007 beendete ich mein Studium der Geisteswissenschaften an der P\u00e4dagogischen Hochschule Freiburg und siedelte im Anschluss an eine neunw\u00f6chige Thailand-Reise 2008 nach Berlin \u00fcber. In der Berliner Zeit kam ich in Kontakt mit den Lehren Rudolf Steiners, die f\u00fcr meine Spiritualit\u00e4t nun sehr bedeutsam werden sollten. Zus\u00e4tzlich entdeckte ich in den Schamanismus und konnte in einigen Schwitzh\u00fcttenzeremonien sehr inspirierende Erfahrungen sammeln.<\/p>\n\n\n\n<p>2010 kehrte ich nach Freiburg zur\u00fcck, um an der P\u00e4dagogischen Hochschule meine geisteswissenschaftlichen Studien fortzusetzen. Diese verliefen eher ent-t\u00e4uschend und 2012 kehrte ich diesem Ort und damit auch der akademischen Geisteswissenschaft den R\u00fccken.  <\/p>\n\n\n\n<p>Gleich im Anschluss begann ich ein Studium der Informatik an der Universit\u00e4t Freiburg und vertiefte meine Steiner-Studien. Mein Interesse am Schamanismus lie\u00df nach und auch der Buddhismus r\u00fcckte eher in den Hintergrund. Vielmehr baute ich mir einen lebendigen Bezug zu den kulturellen Traditionen Mitteleuropas auf. Ich entdeckte f\u00fcr mich den gro\u00dfen Christus Geist, die Geheimnisse der alt-germanischen Kultur und tauchte in den lebendigen Geistesstrom der Goethe-Zeit. Alle diese Str\u00f6mungen integrierte ich in meine Spiritualit\u00e4t und ich verstehe mich heute daher als spiritueller Kosmopolit und Alchemist, der aus eigener Freiheit und Erkenntnis heraus die geistige Welt erforscht. In der mitteleurop\u00e4ischen Seelenstimmung und Geisteskultur habe ich meine wahre innere Heimat gefunden.<\/p>\n\n\n\n<p>Was ich sonst mache: <br>Seit 2017 arbeite ich in einer mittelst\u00e4ndischen Firma als Softwareentwickler. <\/p>\n\n\n\n<p>Was ich sonst mag: <br>Gutes Essen, Kampfkunst, Linux, inspirierende Gespr\u00e4che und Filme, Reisen und Spazierg\u00e4nge in der Natur.<\/p>\n","protected":false},"excerpt":{"rendered":"<p>Geboren 1980 in Freiburg verbrachte ich meine Kindheit und Jugend im beschaulichen S\u00fcdbaden an der Grenze zu Frankreich und der Schweiz. Meine Familie selber stammt aus Oberschlesien und ist von der dortigen katholischen Fr\u00f6mmigkeit gepr\u00e4gt. Im Alter von 17 Jahren erlebte ich mein spirituelles Erwachen und kam in Kontakt mit dem Buddhismus. Im Laufe der &hellip; <a href=\"https:\/\/davids-alchemielabor.de\/?page_id=64\" class=\"more-link\"><span class=\"screen-reader-text\">\u00dcber mich<\/span> weiterlesen <span class=\"meta-nav\">&rarr;<\/span><\/a><\/p>\n","protected":false},"author":1,"featured_media":0,"parent":0,"menu_order":0,"comment_status":"closed","ping_status":"closed","template":"","meta":{"footnotes":""},"class_list":["post-64","page","type-page","status-publish","hentry"],"_links":{"self":[{"href":"https:\/\/davids-alchemielabor.de\/index.php?rest_route=\/wp\/v2\/pages\/64","targetHints":{"allow":["GET"]}}],"collection":[{"href":"https:\/\/davids-alchemielabor.de\/index.php?rest_route=\/wp\/v2\/pages"}],"about":[{"href":"https:\/\/davids-alchemielabor.de\/index.php?rest_route=\/wp\/v2\/types\/page"}],"author":[{"embeddable":true,"href":"https:\/\/davids-alchemielabor.de\/index.php?rest_route=\/wp\/v2\/users\/1"}],"replies":[{"embeddable":true,"href":"https:\/\/davids-alchemielabor.de\/index.php?rest_route=%2Fwp%2Fv2%2Fcomments&post=64"}],"version-history":[{"count":27,"href":"https:\/\/davids-alchemielabor.de\/index.php?rest_route=\/wp\/v2\/pages\/64\/revisions"}],"predecessor-version":[{"id":248,"href":"https:\/\/davids-alchemielabor.de\/index.php?rest_route=\/wp\/v2\/pages\/64\/revisions\/248"}],"wp:attachment":[{"href":"https:\/\/davids-alchemielabor.de\/index.php?rest_route=%2Fwp%2Fv2%2Fmedia&parent=64"}],"curies":[{"name":"wp","href":"https:\/\/api.w.org\/{rel}","templated":true}]}}