{"id":67,"date":"2020-03-30T18:01:18","date_gmt":"2020-03-30T16:01:18","guid":{"rendered":"https:\/\/davids-alchemielabor.de\/?page_id=67"},"modified":"2020-06-11T09:26:02","modified_gmt":"2020-06-11T07:26:02","slug":"was-ist-spirituelle-alchemie","status":"publish","type":"page","link":"https:\/\/davids-alchemielabor.de\/?page_id=67","title":{"rendered":"Was ist Spirituelle Alchemie?"},"content":{"rendered":"\n<p>Unter Alchemie versteht man im urspr\u00fcnglichen Sinne die geistgem\u00e4\u00dfe Umwandlung der stofflichen Welt bei gleichzeitiger seelisch-geistiger Wandlung des praktizierenden Alchemisten. Dem liegt das Verst\u00e4ndnis zugrunde, dass hinter allen Erscheinungen der stofflichen Welt geistige Kr\u00e4fte und Wesenheiten zu finden sind, die fortlaufend in einem evolution\u00e4ren Sch\u00f6pfungsprozess wirken. Ziel des Alchemisten ist es, die geistigen Wurzeln aller Erscheinungen in der Tiefe zu durchdringen und verwandelnd auf diese einzuwirken. Dies wirkt sich als Folge auf die stoffliche Welt aus. <\/p>\n\n\n\n<p>Somit ist Alchemie gleicherma\u00dfen \u00e4u\u00dfere Experimentierkunst als auch ein seelisch-geistiger Schulungsweg, an dessen Ende die g\u00f6ttliche Erleuchtung steht. Streng genommen geh\u00f6ren beide Aspekte dazu.<\/p>\n\n\n\n<p>Der Begriff &#8222;spirituelle Alchemie&#8220;, wie ich ihn verwende, meint aber nicht die Alchemie in dem eben genannten Sinne, sondern mehr in einer \u00fcbertragenen Bedeutung.<\/p>\n\n\n\n<p>Was ist diese Bedeutung?<\/p>\n\n\n\n<p>Spiritualit\u00e4t ist heute zu einer sehr individualistischen Angelegenheit geworden und dies entspricht auch  ganz den menschheitsgeschichtlichen  Notwendigkeiten. Der universelle Sch\u00f6pfungszusammenhang, in den wir alle eingebunden sind, will den heutigen Menschen dazu anregen, eine Spiritualit\u00e4t zu erschaffen ganz aus eigener Freiheit und Erkenntnis heraus. Dieser neuen Spiritualit\u00e4t geh\u00f6rt die Zukunft und sie wird die auf Offenbarung gewonnene Geistigkeit der Weltreligionen abl\u00f6sen. <\/p>\n\n\n\n<p>Wir stehen am Beginn des Zeitalters der Freiheit, was auch bedeutet, dass der Mensch nicht mehr in einen nat\u00fcrlichen Zusammenhang von Naturgeistern, Ahnen und G\u00f6tter eingebunden ist und von ihnen gef\u00fchrt wird. Ganz auf eigenen F\u00fc\u00dfen sozusagen steht der heutige Mensch und ihm ist die Freiheit gegeben, bewusst zu entscheiden, welchen Kr\u00e4ften und Wesenheiten er sich anschlie\u00dfen will. Ich kann seit der Jahrhundertwende nicht nur bei mir selbst beobachten, wie das Bed\u00fcrfnis gr\u00f6\u00dfer wird, tradierte Formen der Spiritualit\u00e4t und Religion zu hinterfragen und experimentell ganze neue, individuelle Wege zu gehen. Man kann leicht erkennen, dass allein im heutigen Deutschland eine derart gro\u00dfe F\u00fclle an verschiedenen Ans\u00e4tzen und Richtungen spiritueller Praxis sichtbar ist, welche die alten Formen \u00e4u\u00dferst individuell aufgreift, verarbeitet und versucht, weiterzuentwickeln.<\/p>\n\n\n\n<p>Als Kinder unserer Zeit sind wir von dieser Vielfalt umgeben. Und hier kommt die Alchemie ins Spiel. Wie ein Alchemist Naturstoffe reinigt, vermischt, umwandelt und vermehrt, um diese in der Qualit\u00e4t zu potenzieren, so k\u00f6nnen auch wir aus der blo\u00dfen Vielfalt an spirituellen Formen die f\u00fcr uns richtige Mischung finden d. h. wir dringen bewusst ein in diese Vielfalt und integrieren schlie\u00dflich dasjenige in unsere eigene Lebenspraxis, was unserer individuellen Entwicklungsaufgabe f\u00f6rderlich ist. Es geht aber nicht um eine reine Ansammlung von Einzelelementen, die ohne Verbindung in einer chaotischen Anh\u00e4ufung nebeneinanderstehen. Mithilfe unseres g\u00f6ttlichen Sch\u00f6pferbewusstseins, welches jedem Menschen eigenen ist und tief in unserem Herzen ruht, erschaffen wir ein harmonisches Ganzes, man k\u00f6nnte sagen, eine unserer Pers\u00f6nlichkeit gem\u00e4\u00dfe &#8222;alchemistische Mischung&#8220;. Die Einzelelemente werden umgewandelt, gereinigt und potenzieren sich durch die Verbindung, die sie durch unsere Aktivit\u00e4t bekommen haben.  Und da diese Angelegenheit eine Individualistische ist, k\u00f6nnen wir nicht im Vorne hinein sagen, wie die Mischung schlie\u00dflich aussehen wird. Sie wird  keine statische, endg\u00fcltige Form haben, sondern eher eine, die einer best\u00e4ndigen Ver\u00e4nderung unterliegt. Ziel ist wie in der klassischen Alchemie das G\u00f6ttliche in uns auszubilden. <\/p>\n\n\n\n<p>Die Aktivit\u00e4t unseres g\u00f6ttlichen Sch\u00f6pferbewusstseins begrenzt sich nicht auf die blo\u00dfe Vielfalt spiritueller Formen. Wir dringen letztlich ein in die ganze Vielfalt des Seins und wir werden in die Lage versetzt, uns selbst und unsere Lebenswirklichkeit durch einen inneren alchemistischen Prozess umzuwandeln. Wir erfahren zunehmend mehr Gl\u00fcck, inneren Frieden, Freiheit und unsere zwischenmenschlichen Beziehungen werden stabiler und reicher. Pers\u00f6nliche W\u00fcnsche, deren Erf\u00fcllung in der Vergangenheit nicht m\u00f6glich schienen, werden realisierbar. Die Kraft dieses Sch\u00f6pferbewusstseins erm\u00f6glicht es uns, als &#8222;Magier des Geistes&#8220; unsere eigene Lebenswirklichkeit zu gestalten und zugleich am Heil der gesamten Sch\u00f6pfung mitzuwirken.<\/p>\n\n\n\n<p>Der deutsche Dichter Novalis (Friedrich von Hardenberg) dazu:<br><br><em>Bildung des Geistes ist Mitbildung des Weltgeistes &#8211; und also Religion.<\/em><\/p>\n\n\n\n<p>Gewiss ist dies eine anspruchsvolle Aufgabe und zugleich ein gro\u00dfes Versprechen. Wir sollten uns auch bewusst sein, dass viele Fallstricken auf uns warten und es keine Garantie gibt, ob wir unser Ziel wirklich erreichen. Dennoch k\u00f6nnen wir frohen Mutes sein, da uns die guten Geister der h\u00f6heren Welten unterst\u00fctzen und uns nur die Aufgaben geben werden, die wir auch wirklich meistern k\u00f6nnen. Es spielt keine Rolle, in welcher konkreten Lebenssituation wir uns befinden. M\u00f6gen die Tage noch so finster sein, so findet das Licht der Sonne irgendwann ihren Weg durch die dunkelsten Wolken. Dies ist jedenfalls meine Erfahrung und meine Faszination \u00fcber die vielen M\u00f6glichkeiten, die unsere Zeit bietet, w\u00e4chst von Jahr zu Jahr.<\/p>\n","protected":false},"excerpt":{"rendered":"<p>Unter Alchemie versteht man im urspr\u00fcnglichen Sinne die geistgem\u00e4\u00dfe Umwandlung der stofflichen Welt bei gleichzeitiger seelisch-geistiger Wandlung des praktizierenden Alchemisten. Dem liegt das Verst\u00e4ndnis zugrunde, dass hinter allen Erscheinungen der stofflichen Welt geistige Kr\u00e4fte und Wesenheiten zu finden sind, die fortlaufend in einem evolution\u00e4ren Sch\u00f6pfungsprozess wirken. Ziel des Alchemisten ist es, die geistigen Wurzeln aller &hellip; <a href=\"https:\/\/davids-alchemielabor.de\/?page_id=67\" class=\"more-link\"><span class=\"screen-reader-text\">Was ist Spirituelle Alchemie?<\/span> weiterlesen <span class=\"meta-nav\">&rarr;<\/span><\/a><\/p>\n","protected":false},"author":1,"featured_media":0,"parent":0,"menu_order":0,"comment_status":"closed","ping_status":"closed","template":"","meta":{"footnotes":""},"class_list":["post-67","page","type-page","status-publish","hentry"],"_links":{"self":[{"href":"https:\/\/davids-alchemielabor.de\/index.php?rest_route=\/wp\/v2\/pages\/67","targetHints":{"allow":["GET"]}}],"collection":[{"href":"https:\/\/davids-alchemielabor.de\/index.php?rest_route=\/wp\/v2\/pages"}],"about":[{"href":"https:\/\/davids-alchemielabor.de\/index.php?rest_route=\/wp\/v2\/types\/page"}],"author":[{"embeddable":true,"href":"https:\/\/davids-alchemielabor.de\/index.php?rest_route=\/wp\/v2\/users\/1"}],"replies":[{"embeddable":true,"href":"https:\/\/davids-alchemielabor.de\/index.php?rest_route=%2Fwp%2Fv2%2Fcomments&post=67"}],"version-history":[{"count":44,"href":"https:\/\/davids-alchemielabor.de\/index.php?rest_route=\/wp\/v2\/pages\/67\/revisions"}],"predecessor-version":[{"id":232,"href":"https:\/\/davids-alchemielabor.de\/index.php?rest_route=\/wp\/v2\/pages\/67\/revisions\/232"}],"wp:attachment":[{"href":"https:\/\/davids-alchemielabor.de\/index.php?rest_route=%2Fwp%2Fv2%2Fmedia&parent=67"}],"curies":[{"name":"wp","href":"https:\/\/api.w.org\/{rel}","templated":true}]}}