{"id":71,"date":"2020-03-30T18:17:30","date_gmt":"2020-03-30T16:17:30","guid":{"rendered":"https:\/\/davids-alchemielabor.de\/?page_id=71"},"modified":"2020-04-21T10:07:38","modified_gmt":"2020-04-21T08:07:38","slug":"mein-anliegen","status":"publish","type":"page","link":"https:\/\/davids-alchemielabor.de\/?page_id=71","title":{"rendered":"Mein Anliegen"},"content":{"rendered":"\n<p>Was soll dieses &#8222;spirituelle Alchemielabor&#8220;? Wie ich <a rel=\"noreferrer noopener\" href=\"https:\/\/davids-alchemielabor.de\/?page_id=67\" target=\"_blank\">hier<\/a> n\u00e4her ausgef\u00fchrt habe, bezeichnet spirituelle Alchemie einen inneren Transformationsprozess, der uns unserem g\u00f6ttlichen Wesenskern n\u00e4her bringt und unsere Lebenswirklichkeit verwandelt.<\/p>\n\n\n\n<p>Die Menschheit befindet sich an einem Punkt in ihrer Entwicklung, in der es nicht gen\u00fcgt, sich auf die blo\u00df \u00fcberlieferte Spiritualit\u00e4t der Offenbarungsreligionen zu verlassen. Sie haben viel von ihrer inspirierenden Kraft verloren und k\u00f6nnen die Kluft zwischen der sich rasant vollziehenden materiellen Entwicklung und der spirituellen Dimension des Menschen nicht schlie\u00dfen. <\/p>\n\n\n\n<p>Eine neue Spiritualit\u00e4t ist erforderlich, der es gelingt, sowohl die materielle als auch spirituelle Dimension zu vereinen. Wir stehen dabei noch am Anfang und naturgem\u00e4\u00df gelingt dies nicht gut. Wir alle befinden uns dabei in einer Art Laborsituation. Ein Labor steht sinnbildlich f\u00fcr einen Ort des Versuchens und Experimentierens, aber auch des Scheiterns, Erfolges und der Neuentdeckung. <\/p>\n\n\n\n<p>Speziell f\u00fcr das heutige Mitteleuropa sieht es in diesem Labor recht chaotisch aus und es herrscht viel Verwirrung, Augenwischerei, Realit\u00e4tsverleugnung und Orientierungslosigkeit. Es ist an dieser Stelle wirklich wichtig, sich dessen bewusst zu werden und keinem Selbstbetrug zu unterliegen. Jeder Neubeginn ist schwer und wir haben die M\u00f6glichkeit, f\u00fcr kommende Generationen Pionierarbeit zu leisten. Dies erfordert einen konsequenten Willen zur Geistigkeit und es gen\u00fcgt nicht, Spiritualit\u00e4t als eine Art \u201eFreizeitbesch\u00e4ftigung\u201c oder Form der \u201eUnterhaltung\u201c zu konsumieren und sich damit zu begn\u00fcgen, zu bestimmten festgelegten Zeiten in spirituelle Stimmungen zu versetzen, die schnell wieder vergehen und keine transformativen Wirkungen auf unser Leben haben.<\/p>\n\n\n\n<p>Die Beitr\u00e4ge, die ich hier vorstelle, sollen einen Einblick geben in den aktuellen Stand meines &#8222;spirituellen Alchemielabors&#8220;. Es werden hier weder ewige Wahrheiten verk\u00fcndet noch betrachte ich mich als Meister oder \u00c4hnliches. Ich bin ein Mensch auf dem Weg und alles Menschliche darf hier seinen Platz haben. Der Irrtum, die Sackgasse, das Scheitern geh\u00f6ren ebenso dazu wie die Erkenntnis, der klare Weg und der Erfolg. In einem Labor soll dies alles m\u00f6glich sein. Wichtig ist nur, den konsequenten Willen zur Geistigkeit nicht zu verlieren und die Bereitschaft zu haben, aus seinen Fehlern zu lernen. Ohne Fehler zu machen, wird es nicht gehen und daher d\u00fcrfen wir keine Angst davor haben. Wir betreten spirituelles Neuland und dies ist naturgem\u00e4\u00df immer ein Wagnis.<\/p>\n\n\n\n<p>Ich w\u00fcrde mich nat\u00fcrlich freuen, wenn diese Beitr\u00e4ge Ihnen helfen, Ihr eigenes &#8222;spirituelles Alchemielabor&#8220; aufzubauen. Kopieren Sie bitte nicht meinen Weg oder den Weg eines anderen. Aber holen Sie sich Inspiration und Unterst\u00fctzung, wenn Sie dies f\u00fcr sinnvoll erachten. Genauso wie ein Wille zur Geistigkeit wichtig ist, braucht es auch einen Willen zur Freiheit. Die neue Spiritualit\u00e4t wird nicht in einer Gemeinschaft von isolierten Individuen geboren, sondern in einer Gemeinschaft von Individuen, die sich aus freiem Entschluss finden und gemeinsam an dieser gro\u00dfen Aufgabe arbeiten. Dabei wird die Eigenart des Individuums respektiert und gleichzeitig ein Band der Gemeinschaft gewoben.  <\/p>\n","protected":false},"excerpt":{"rendered":"<p>Was soll dieses &#8222;spirituelle Alchemielabor&#8220;? Wie ich hier n\u00e4her ausgef\u00fchrt habe, bezeichnet spirituelle Alchemie einen inneren Transformationsprozess, der uns unserem g\u00f6ttlichen Wesenskern n\u00e4her bringt und unsere Lebenswirklichkeit verwandelt. Die Menschheit befindet sich an einem Punkt in ihrer Entwicklung, in der es nicht gen\u00fcgt, sich auf die blo\u00df \u00fcberlieferte Spiritualit\u00e4t der Offenbarungsreligionen zu verlassen. Sie haben &hellip; <a href=\"https:\/\/davids-alchemielabor.de\/?page_id=71\" class=\"more-link\"><span class=\"screen-reader-text\">Mein Anliegen<\/span> weiterlesen <span class=\"meta-nav\">&rarr;<\/span><\/a><\/p>\n","protected":false},"author":1,"featured_media":0,"parent":0,"menu_order":0,"comment_status":"closed","ping_status":"closed","template":"","meta":{"footnotes":""},"class_list":["post-71","page","type-page","status-publish","hentry"],"_links":{"self":[{"href":"https:\/\/davids-alchemielabor.de\/index.php?rest_route=\/wp\/v2\/pages\/71","targetHints":{"allow":["GET"]}}],"collection":[{"href":"https:\/\/davids-alchemielabor.de\/index.php?rest_route=\/wp\/v2\/pages"}],"about":[{"href":"https:\/\/davids-alchemielabor.de\/index.php?rest_route=\/wp\/v2\/types\/page"}],"author":[{"embeddable":true,"href":"https:\/\/davids-alchemielabor.de\/index.php?rest_route=\/wp\/v2\/users\/1"}],"replies":[{"embeddable":true,"href":"https:\/\/davids-alchemielabor.de\/index.php?rest_route=%2Fwp%2Fv2%2Fcomments&post=71"}],"version-history":[{"count":23,"href":"https:\/\/davids-alchemielabor.de\/index.php?rest_route=\/wp\/v2\/pages\/71\/revisions"}],"predecessor-version":[{"id":228,"href":"https:\/\/davids-alchemielabor.de\/index.php?rest_route=\/wp\/v2\/pages\/71\/revisions\/228"}],"wp:attachment":[{"href":"https:\/\/davids-alchemielabor.de\/index.php?rest_route=%2Fwp%2Fv2%2Fmedia&parent=71"}],"curies":[{"name":"wp","href":"https:\/\/api.w.org\/{rel}","templated":true}]}}